{"id":223,"date":"2021-05-07T16:56:32","date_gmt":"2021-05-07T14:56:32","guid":{"rendered":"http:\/\/lesdocsdenoirmoutier.fr\/?page_id=223"},"modified":"2024-02-22T15:01:30","modified_gmt":"2024-02-22T14:01:30","slug":"ateliers-scolaires","status":"publish","type":"page","link":"https:\/\/lesdocsdenoirmoutier.fr\/?page_id=223","title":{"rendered":"Ateliers scolaires"},"content":{"rendered":"\t\t<div data-elementor-type=\"wp-page\" data-elementor-id=\"223\" class=\"elementor elementor-223\" data-elementor-post-type=\"page\">\n\t\t\t\t\t\t<section class=\"elementor-section elementor-top-section elementor-element elementor-element-7dbf2ee elementor-section-boxed elementor-section-height-default elementor-section-height-default\" data-id=\"7dbf2ee\" data-element_type=\"section\" data-settings=\"{&quot;background_background&quot;:&quot;classic&quot;}\">\n\t\t\t\t\t\t<div class=\"elementor-container elementor-column-gap-default\">\n\t\t\t\t\t<div class=\"elementor-column elementor-col-100 elementor-top-column elementor-element elementor-element-758c1a29\" data-id=\"758c1a29\" data-element_type=\"column\" data-settings=\"{&quot;background_background&quot;:&quot;classic&quot;}\">\n\t\t\t<div class=\"elementor-widget-wrap elementor-element-populated\">\n\t\t\t\t\t\t<div class=\"elementor-element elementor-element-051cf4f elementor-widget elementor-widget-spacer\" data-id=\"051cf4f\" data-element_type=\"widget\" data-widget_type=\"spacer.default\">\n\t\t\t\t<div class=\"elementor-widget-container\">\n\t\t\t\t\t\t\t<div class=\"elementor-spacer\">\n\t\t\t<div class=\"elementor-spacer-inner\"><\/div>\n\t\t<\/div>\n\t\t\t\t\t\t<\/div>\n\t\t\t\t<\/div>\n\t\t\t\t<div class=\"elementor-element elementor-element-2ed6db21 elementor-widget elementor-widget-heading\" data-id=\"2ed6db21\" data-element_type=\"widget\" data-widget_type=\"heading.default\">\n\t\t\t\t<div class=\"elementor-widget-container\">\n\t\t\t\t\t<h2 class=\"elementor-heading-title elementor-size-default\">Actions p\u00e9dagogiques<\/h2>\t\t\t\t<\/div>\n\t\t\t\t<\/div>\n\t\t\t\t<div class=\"elementor-element elementor-element-69d143e elementor-widget elementor-widget-text-editor\" data-id=\"69d143e\" data-element_type=\"widget\" data-widget_type=\"text-editor.default\">\n\t\t\t\t<div class=\"elementor-widget-container\">\n\t\t\t\t\t\t\t\t\t<p>D\u00e8s les premi\u00e8res r\u00e9flexions sur la forme du festival, il nous est apparu essentiel de d\u00e9velopper des actions culturelles aupr\u00e8s de scolaires dans ce territoire rural qu\u2019est l\u2019\u00eele de Noirmoutier.<\/p><p>Pour nos deux premiers ateliers, nous nous sommes appuy\u00e9s sur deux partenaires\u00a0: les associations <a href=\"https:\/\/www.facebook.com\/AssociationBraquage\"><em>Braquage<\/em><\/a> et <a href=\"https:\/\/makiz-art.fr\/\"><em>Makiz\u2019art<\/em><\/a>.<\/p><p class=\"p1\"><span style=\"text-decoration: underline;\"><strong>Dessin et grattage sur pellicule<\/strong><\/span><br \/>Avec S\u00e9bastien Ronceray de l\u2019association <em>Braquage<\/em>, trois classes de 6\u00e8me ont pu d\u00e9couvrir le cin\u00e9ma argentique. Dans cet atelier, les jeunes ont r\u00e9alis\u00e9 un film sans cam\u00e9ra en dessinant avec des feutres, de la peinture sur la pellicule 16mm ou en grattant l\u2019\u00e9mulsion. L\u2019objectif est de les initier \u00e0 la mat\u00e9rialit\u00e9 du cin\u00e9ma pour en comprendre les m\u00e9canismes (photogrammes, d\u00e9composition du mouvement, animation, perforation, bande son). Il s\u2019agit aussi de montrer le fonctionnement d\u2019un projecteur (principe, d\u00e9filement des images, illusions d\u2019optiques).\u00a0<\/p><p class=\"p1\"><span style=\"text-decoration: underline;\"><strong>D\u00e9couverte pratique du documentaire<\/strong><\/span><br \/>Avec Zsofia Pesovar de l\u2019association <a href=\"https:\/\/makiz-art.fr\/\"><em>Makiz\u2019art<\/em><\/a>, une classe de 4\u00e8me du coll\u00e8ge Moli\u00e8re de Noirmoutier-en-l\u2019\u00eele d\u00e9couvre le cin\u00e9ma documentaire \u00e0 travers la cr\u00e9ation d\u2019un film \u00e0 la mani\u00e8re de Chris Marker. \u00c0 partir du visionnage du film <em>Vive La Baleine<\/em> (Chris Marker, Mario Ruspoli, 1972), les coll\u00e9giens devront rassembler un corpus d\u2019images sur un th\u00e8me qu\u2019ils auront choisi. Ils devront par la suite \u00e9crire et enregistrer une voix off. L\u2019objectif est de leur faire d\u00e9couvrir un cin\u00e9ma diff\u00e9rent, souvent m\u00e9connu, d\u2019aiguiser leur sens critique et d\u2019exprimer leur sensibilit\u00e9 sur les images per\u00e7ues et fabriqu\u00e9es. Pour valoriser le travail des coll\u00e9giens, nous souhaitons diffuser leurs r\u00e9alisations dans le cadre du festival.<\/p><p>Notre souhait est de continuer \u00e0 d\u00e9velopper ces ateliers et d\u2019impliquer les Noirmoutrin.es dans la fabrication du festival pour que Noirmoutier devienne un vrai p\u00f4le du cin\u00e9ma documentaire dans la R\u00e9gion Pays la Loire. Nous d\u00e9veloppons de nouveaux partenariats, notamment sur l\u2019\u00eele avec l\u2019<a href=\"http:\/\/www.espacegraindesel.org\/\">Espace Grain de Sel<\/a>.<\/p>\t\t\t\t\t\t\t\t<\/div>\n\t\t\t\t<\/div>\n\t\t\t\t<div class=\"elementor-element elementor-element-e947ff5 elementor-widget elementor-widget-spacer\" data-id=\"e947ff5\" data-element_type=\"widget\" data-widget_type=\"spacer.default\">\n\t\t\t\t<div class=\"elementor-widget-container\">\n\t\t\t\t\t\t\t<div class=\"elementor-spacer\">\n\t\t\t<div class=\"elementor-spacer-inner\"><\/div>\n\t\t<\/div>\n\t\t\t\t\t\t<\/div>\n\t\t\t\t<\/div>\n\t\t\t\t\t<\/div>\n\t\t<\/div>\n\t\t\t\t\t<\/div>\n\t\t<\/section>\n\t\t\t\t<section class=\"elementor-section elementor-top-section elementor-element elementor-element-08fc62a elementor-section-boxed elementor-section-height-default elementor-section-height-default\" data-id=\"08fc62a\" data-element_type=\"section\">\n\t\t\t\t\t\t<div class=\"elementor-container elementor-column-gap-default\">\n\t\t\t\t\t<div class=\"elementor-column elementor-col-100 elementor-top-column elementor-element elementor-element-204333e\" data-id=\"204333e\" data-element_type=\"column\">\n\t\t\t<div class=\"elementor-widget-wrap elementor-element-populated\">\n\t\t\t\t\t\t<div class=\"elementor-element elementor-element-3e63782 elementor-widget elementor-widget-spacer\" data-id=\"3e63782\" data-element_type=\"widget\" data-widget_type=\"spacer.default\">\n\t\t\t\t<div class=\"elementor-widget-container\">\n\t\t\t\t\t\t\t<div class=\"elementor-spacer\">\n\t\t\t<div class=\"elementor-spacer-inner\"><\/div>\n\t\t<\/div>\n\t\t\t\t\t\t<\/div>\n\t\t\t\t<\/div>\n\t\t\t\t\t<\/div>\n\t\t<\/div>\n\t\t\t\t\t<\/div>\n\t\t<\/section>\n\t\t\t\t<\/div>\n\t\t","protected":false},"excerpt":{"rendered":"<p>Actions p\u00e9dagogiques D\u00e8s les premi\u00e8res r\u00e9flexions sur la forme du festival, il nous est apparu essentiel de d\u00e9velopper des actions culturelles aupr\u00e8s de scolaires dans ce territoire rural qu\u2019est l\u2019\u00eele de Noirmoutier. Pour nos deux premiers ateliers, nous nous sommes appuy\u00e9s sur deux partenaires\u00a0: les associations Braquage et Makiz\u2019art. Dessin et grattage sur pelliculeAvec S\u00e9bastien&#8230;<\/p>\n","protected":false},"author":1,"featured_media":558,"parent":0,"menu_order":0,"comment_status":"closed","ping_status":"closed","template":"","meta":{"_mo_disable_npp":"","_kad_post_transparent":"","_kad_post_title":"hide","_kad_post_layout":"fullwidth","_kad_post_sidebar_id":"","_kad_post_content_style":"unboxed","_kad_post_vertical_padding":"hide","_kad_post_feature":"hide","_kad_post_feature_position":"","_kad_post_header":false,"_kad_post_footer":false,"footnotes":""},"class_list":["post-223","page","type-page","status-publish","has-post-thumbnail","hentry"],"yoast_head":"<!-- This site is optimized with the Yoast SEO plugin v27.4 - https:\/\/yoast.com\/product\/yoast-seo-wordpress\/ -->\n<title>Ateliers scolaires - Les Docs de Noirmoutier<\/title>\n<meta name=\"robots\" content=\"index, follow, max-snippet:-1, max-image-preview:large, max-video-preview:-1\" \/>\n<link rel=\"canonical\" href=\"https:\/\/lesdocsdenoirmoutier.fr\/?page_id=223\" \/>\n<meta property=\"og:locale\" content=\"fr_FR\" \/>\n<meta property=\"og:type\" content=\"article\" \/>\n<meta property=\"og:title\" content=\"Ateliers scolaires - Les Docs de Noirmoutier\" \/>\n<meta property=\"og:description\" content=\"Actions p\u00e9dagogiques D\u00e8s les premi\u00e8res r\u00e9flexions sur la forme du festival, il nous est apparu essentiel de d\u00e9velopper des actions culturelles aupr\u00e8s de scolaires dans ce territoire rural qu\u2019est l\u2019\u00eele de Noirmoutier. Pour nos deux premiers ateliers, nous nous sommes appuy\u00e9s sur deux partenaires\u00a0: les associations Braquage et Makiz\u2019art. Dessin et grattage sur pelliculeAvec S\u00e9bastien...\" \/>\n<meta property=\"og:url\" content=\"https:\/\/lesdocsdenoirmoutier.fr\/?page_id=223\" \/>\n<meta property=\"og:site_name\" content=\"Les Docs de Noirmoutier\" \/>\n<meta property=\"article:publisher\" content=\"https:\/\/www.facebook.com\/lesdocsdenoirmoutier\" \/>\n<meta property=\"article:modified_time\" content=\"2024-02-22T14:01:30+00:00\" \/>\n<meta property=\"og:image\" content=\"https:\/\/lesdocsdenoirmoutier.fr\/wp-content\/uploads\/2021\/05\/IMG_0003.jpg\" \/>\n\t<meta property=\"og:image:width\" content=\"1367\" \/>\n\t<meta property=\"og:image:height\" content=\"1279\" \/>\n\t<meta property=\"og:image:type\" content=\"image\/jpeg\" \/>\n<meta name=\"twitter:card\" content=\"summary_large_image\" \/>\n<meta name=\"twitter:label1\" content=\"Dur\u00e9e de lecture estim\u00e9e\" \/>\n\t<meta name=\"twitter:data1\" content=\"2 minutes\" \/>\n<script type=\"application\/ld+json\" class=\"yoast-schema-graph\">{\"@context\":\"https:\\\/\\\/schema.org\",\"@graph\":[{\"@type\":\"WebPage\",\"@id\":\"https:\\\/\\\/lesdocsdenoirmoutier.fr\\\/?page_id=223\",\"url\":\"https:\\\/\\\/lesdocsdenoirmoutier.fr\\\/?page_id=223\",\"name\":\"Ateliers scolaires - Les Docs de Noirmoutier\",\"isPartOf\":{\"@id\":\"https:\\\/\\\/lesdocsdenoirmoutier.fr\\\/#website\"},\"primaryImageOfPage\":{\"@id\":\"https:\\\/\\\/lesdocsdenoirmoutier.fr\\\/?page_id=223#primaryimage\"},\"image\":{\"@id\":\"https:\\\/\\\/lesdocsdenoirmoutier.fr\\\/?page_id=223#primaryimage\"},\"thumbnailUrl\":\"https:\\\/\\\/lesdocsdenoirmoutier.fr\\\/wp-content\\\/uploads\\\/2021\\\/05\\\/IMG_0003.jpg\",\"datePublished\":\"2021-05-07T14:56:32+00:00\",\"dateModified\":\"2024-02-22T14:01:30+00:00\",\"breadcrumb\":{\"@id\":\"https:\\\/\\\/lesdocsdenoirmoutier.fr\\\/?page_id=223#breadcrumb\"},\"inLanguage\":\"fr-FR\",\"potentialAction\":[{\"@type\":\"ReadAction\",\"target\":[\"https:\\\/\\\/lesdocsdenoirmoutier.fr\\\/?page_id=223\"]}]},{\"@type\":\"ImageObject\",\"inLanguage\":\"fr-FR\",\"@id\":\"https:\\\/\\\/lesdocsdenoirmoutier.fr\\\/?page_id=223#primaryimage\",\"url\":\"https:\\\/\\\/lesdocsdenoirmoutier.fr\\\/wp-content\\\/uploads\\\/2021\\\/05\\\/IMG_0003.jpg\",\"contentUrl\":\"https:\\\/\\\/lesdocsdenoirmoutier.fr\\\/wp-content\\\/uploads\\\/2021\\\/05\\\/IMG_0003.jpg\",\"width\":1367,\"height\":1279},{\"@type\":\"BreadcrumbList\",\"@id\":\"https:\\\/\\\/lesdocsdenoirmoutier.fr\\\/?page_id=223#breadcrumb\",\"itemListElement\":[{\"@type\":\"ListItem\",\"position\":1,\"name\":\"Accueil\",\"item\":\"https:\\\/\\\/lesdocsdenoirmoutier.fr\\\/\"},{\"@type\":\"ListItem\",\"position\":2,\"name\":\"Ateliers scolaires\"}]},{\"@type\":\"WebSite\",\"@id\":\"https:\\\/\\\/lesdocsdenoirmoutier.fr\\\/#website\",\"url\":\"https:\\\/\\\/lesdocsdenoirmoutier.fr\\\/\",\"name\":\"Les Docs de Noirmoutier\",\"description\":\"Festival de Documentaires sur l\u2019\u00eele de Noirmoutier\",\"publisher\":{\"@id\":\"https:\\\/\\\/lesdocsdenoirmoutier.fr\\\/#organization\"},\"potentialAction\":[{\"@type\":\"SearchAction\",\"target\":{\"@type\":\"EntryPoint\",\"urlTemplate\":\"https:\\\/\\\/lesdocsdenoirmoutier.fr\\\/?s={search_term_string}\"},\"query-input\":{\"@type\":\"PropertyValueSpecification\",\"valueRequired\":true,\"valueName\":\"search_term_string\"}}],\"inLanguage\":\"fr-FR\"},{\"@type\":\"Organization\",\"@id\":\"https:\\\/\\\/lesdocsdenoirmoutier.fr\\\/#organization\",\"name\":\"Les Docs de Noirmoutier\",\"url\":\"https:\\\/\\\/lesdocsdenoirmoutier.fr\\\/\",\"logo\":{\"@type\":\"ImageObject\",\"inLanguage\":\"fr-FR\",\"@id\":\"https:\\\/\\\/lesdocsdenoirmoutier.fr\\\/#\\\/schema\\\/logo\\\/image\\\/\",\"url\":\"https:\\\/\\\/lesdocsdenoirmoutier.fr\\\/wp-content\\\/uploads\\\/2021\\\/05\\\/cropped-HD_LES-DOCS-DE-NOIRMOUTIERS_Logo_RVB_Fond-Clair-1.png\",\"contentUrl\":\"https:\\\/\\\/lesdocsdenoirmoutier.fr\\\/wp-content\\\/uploads\\\/2021\\\/05\\\/cropped-HD_LES-DOCS-DE-NOIRMOUTIERS_Logo_RVB_Fond-Clair-1.png\",\"width\":7064,\"height\":3098,\"caption\":\"Les Docs de Noirmoutier\"},\"image\":{\"@id\":\"https:\\\/\\\/lesdocsdenoirmoutier.fr\\\/#\\\/schema\\\/logo\\\/image\\\/\"},\"sameAs\":[\"https:\\\/\\\/www.facebook.com\\\/lesdocsdenoirmoutier\",\"https:\\\/\\\/www.instagram.com\\\/lesdocsdenoirmoutier\\\/\"]}]}<\/script>\n<!-- \/ Yoast SEO plugin. -->","yoast_head_json":{"title":"Ateliers scolaires - Les Docs de Noirmoutier","robots":{"index":"index","follow":"follow","max-snippet":"max-snippet:-1","max-image-preview":"max-image-preview:large","max-video-preview":"max-video-preview:-1"},"canonical":"https:\/\/lesdocsdenoirmoutier.fr\/?page_id=223","og_locale":"fr_FR","og_type":"article","og_title":"Ateliers scolaires - Les Docs de Noirmoutier","og_description":"Actions p\u00e9dagogiques D\u00e8s les premi\u00e8res r\u00e9flexions sur la forme du festival, il nous est apparu essentiel de d\u00e9velopper des actions culturelles aupr\u00e8s de scolaires dans ce territoire rural qu\u2019est l\u2019\u00eele de Noirmoutier. Pour nos deux premiers ateliers, nous nous sommes appuy\u00e9s sur deux partenaires\u00a0: les associations Braquage et Makiz\u2019art. Dessin et grattage sur pelliculeAvec S\u00e9bastien...","og_url":"https:\/\/lesdocsdenoirmoutier.fr\/?page_id=223","og_site_name":"Les Docs de Noirmoutier","article_publisher":"https:\/\/www.facebook.com\/lesdocsdenoirmoutier","article_modified_time":"2024-02-22T14:01:30+00:00","og_image":[{"width":1367,"height":1279,"url":"https:\/\/lesdocsdenoirmoutier.fr\/wp-content\/uploads\/2021\/05\/IMG_0003.jpg","type":"image\/jpeg"}],"twitter_card":"summary_large_image","twitter_misc":{"Dur\u00e9e de lecture estim\u00e9e":"2 minutes"},"schema":{"@context":"https:\/\/schema.org","@graph":[{"@type":"WebPage","@id":"https:\/\/lesdocsdenoirmoutier.fr\/?page_id=223","url":"https:\/\/lesdocsdenoirmoutier.fr\/?page_id=223","name":"Ateliers scolaires - Les Docs de Noirmoutier","isPartOf":{"@id":"https:\/\/lesdocsdenoirmoutier.fr\/#website"},"primaryImageOfPage":{"@id":"https:\/\/lesdocsdenoirmoutier.fr\/?page_id=223#primaryimage"},"image":{"@id":"https:\/\/lesdocsdenoirmoutier.fr\/?page_id=223#primaryimage"},"thumbnailUrl":"https:\/\/lesdocsdenoirmoutier.fr\/wp-content\/uploads\/2021\/05\/IMG_0003.jpg","datePublished":"2021-05-07T14:56:32+00:00","dateModified":"2024-02-22T14:01:30+00:00","breadcrumb":{"@id":"https:\/\/lesdocsdenoirmoutier.fr\/?page_id=223#breadcrumb"},"inLanguage":"fr-FR","potentialAction":[{"@type":"ReadAction","target":["https:\/\/lesdocsdenoirmoutier.fr\/?page_id=223"]}]},{"@type":"ImageObject","inLanguage":"fr-FR","@id":"https:\/\/lesdocsdenoirmoutier.fr\/?page_id=223#primaryimage","url":"https:\/\/lesdocsdenoirmoutier.fr\/wp-content\/uploads\/2021\/05\/IMG_0003.jpg","contentUrl":"https:\/\/lesdocsdenoirmoutier.fr\/wp-content\/uploads\/2021\/05\/IMG_0003.jpg","width":1367,"height":1279},{"@type":"BreadcrumbList","@id":"https:\/\/lesdocsdenoirmoutier.fr\/?page_id=223#breadcrumb","itemListElement":[{"@type":"ListItem","position":1,"name":"Accueil","item":"https:\/\/lesdocsdenoirmoutier.fr\/"},{"@type":"ListItem","position":2,"name":"Ateliers scolaires"}]},{"@type":"WebSite","@id":"https:\/\/lesdocsdenoirmoutier.fr\/#website","url":"https:\/\/lesdocsdenoirmoutier.fr\/","name":"Les Docs de Noirmoutier","description":"Festival de Documentaires sur l\u2019\u00eele de Noirmoutier","publisher":{"@id":"https:\/\/lesdocsdenoirmoutier.fr\/#organization"},"potentialAction":[{"@type":"SearchAction","target":{"@type":"EntryPoint","urlTemplate":"https:\/\/lesdocsdenoirmoutier.fr\/?s={search_term_string}"},"query-input":{"@type":"PropertyValueSpecification","valueRequired":true,"valueName":"search_term_string"}}],"inLanguage":"fr-FR"},{"@type":"Organization","@id":"https:\/\/lesdocsdenoirmoutier.fr\/#organization","name":"Les Docs de Noirmoutier","url":"https:\/\/lesdocsdenoirmoutier.fr\/","logo":{"@type":"ImageObject","inLanguage":"fr-FR","@id":"https:\/\/lesdocsdenoirmoutier.fr\/#\/schema\/logo\/image\/","url":"https:\/\/lesdocsdenoirmoutier.fr\/wp-content\/uploads\/2021\/05\/cropped-HD_LES-DOCS-DE-NOIRMOUTIERS_Logo_RVB_Fond-Clair-1.png","contentUrl":"https:\/\/lesdocsdenoirmoutier.fr\/wp-content\/uploads\/2021\/05\/cropped-HD_LES-DOCS-DE-NOIRMOUTIERS_Logo_RVB_Fond-Clair-1.png","width":7064,"height":3098,"caption":"Les Docs de Noirmoutier"},"image":{"@id":"https:\/\/lesdocsdenoirmoutier.fr\/#\/schema\/logo\/image\/"},"sameAs":["https:\/\/www.facebook.com\/lesdocsdenoirmoutier","https:\/\/www.instagram.com\/lesdocsdenoirmoutier\/"]}]}},"_links":{"self":[{"href":"https:\/\/lesdocsdenoirmoutier.fr\/index.php?rest_route=\/wp\/v2\/pages\/223","targetHints":{"allow":["GET"]}}],"collection":[{"href":"https:\/\/lesdocsdenoirmoutier.fr\/index.php?rest_route=\/wp\/v2\/pages"}],"about":[{"href":"https:\/\/lesdocsdenoirmoutier.fr\/index.php?rest_route=\/wp\/v2\/types\/page"}],"author":[{"embeddable":true,"href":"https:\/\/lesdocsdenoirmoutier.fr\/index.php?rest_route=\/wp\/v2\/users\/1"}],"replies":[{"embeddable":true,"href":"https:\/\/lesdocsdenoirmoutier.fr\/index.php?rest_route=%2Fwp%2Fv2%2Fcomments&post=223"}],"version-history":[{"count":61,"href":"https:\/\/lesdocsdenoirmoutier.fr\/index.php?rest_route=\/wp\/v2\/pages\/223\/revisions"}],"predecessor-version":[{"id":4755,"href":"https:\/\/lesdocsdenoirmoutier.fr\/index.php?rest_route=\/wp\/v2\/pages\/223\/revisions\/4755"}],"wp:featuredmedia":[{"embeddable":true,"href":"https:\/\/lesdocsdenoirmoutier.fr\/index.php?rest_route=\/wp\/v2\/media\/558"}],"wp:attachment":[{"href":"https:\/\/lesdocsdenoirmoutier.fr\/index.php?rest_route=%2Fwp%2Fv2%2Fmedia&parent=223"}],"curies":[{"name":"wp","href":"https:\/\/api.w.org\/{rel}","templated":true}]}}