{"id":5787,"date":"2024-03-12T11:11:53","date_gmt":"2024-03-12T10:11:53","guid":{"rendered":"https:\/\/lesdocsdenoirmoutier.fr\/?page_id=5787"},"modified":"2024-03-16T16:38:06","modified_gmt":"2024-03-16T15:38:06","slug":"programmation24","status":"publish","type":"page","link":"https:\/\/lesdocsdenoirmoutier.fr\/?page_id=5787","title":{"rendered":"Grille de Programmation 2024"},"content":{"rendered":"\t\t<div data-elementor-type=\"wp-page\" data-elementor-id=\"5787\" class=\"elementor elementor-5787\" data-elementor-post-type=\"page\">\n\t\t\t\t\t\t<section class=\"elementor-section elementor-top-section elementor-element elementor-element-6921a938 elementor-section-boxed elementor-section-height-default elementor-section-height-default\" data-id=\"6921a938\" data-element_type=\"section\">\n\t\t\t\t\t\t<div class=\"elementor-container elementor-column-gap-default\">\n\t\t\t\t\t<div class=\"elementor-column elementor-col-100 elementor-top-column elementor-element elementor-element-272eb4a7\" data-id=\"272eb4a7\" data-element_type=\"column\" data-settings=\"{&quot;background_background&quot;:&quot;classic&quot;}\">\n\t\t\t<div class=\"elementor-widget-wrap elementor-element-populated\">\n\t\t\t\t\t\t<div class=\"elementor-element elementor-element-b07ab28 elementor-hidden-mobile elementor-widget elementor-widget-spacer\" data-id=\"b07ab28\" data-element_type=\"widget\" data-widget_type=\"spacer.default\">\n\t\t\t\t<div class=\"elementor-widget-container\">\n\t\t\t\t\t\t\t<div class=\"elementor-spacer\">\n\t\t\t<div class=\"elementor-spacer-inner\"><\/div>\n\t\t<\/div>\n\t\t\t\t\t\t<\/div>\n\t\t\t\t<\/div>\n\t\t\t\t<div class=\"elementor-element elementor-element-1d8c9fe elementor-widget elementor-widget-heading\" data-id=\"1d8c9fe\" data-element_type=\"widget\" data-widget_type=\"heading.default\">\n\t\t\t\t<div class=\"elementor-widget-container\">\n\t\t\t\t\t<h2 class=\"elementor-heading-title elementor-size-default\">Grille de programmation<\/h2>\t\t\t\t<\/div>\n\t\t\t\t<\/div>\n\t\t\t\t\t<\/div>\n\t\t<\/div>\n\t\t\t\t\t<\/div>\n\t\t<\/section>\n\t\t\t\t<section class=\"elementor-section elementor-top-section elementor-element elementor-element-5412269 elementor-section-boxed elementor-section-height-default elementor-section-height-default\" data-id=\"5412269\" data-element_type=\"section\">\n\t\t\t\t\t\t<div class=\"elementor-container elementor-column-gap-default\">\n\t\t\t\t\t<div class=\"elementor-column elementor-col-100 elementor-top-column elementor-element elementor-element-d5a5f9a\" data-id=\"d5a5f9a\" data-element_type=\"column\">\n\t\t\t<div class=\"elementor-widget-wrap elementor-element-populated\">\n\t\t\t\t\t\t<div class=\"elementor-element elementor-element-cf05636 elementor-arrows-position-inside elementor-pagination-position-outside elementor-widget elementor-widget-image-carousel\" data-id=\"cf05636\" data-element_type=\"widget\" data-settings=\"{&quot;slides_to_show&quot;:&quot;1&quot;,&quot;navigation&quot;:&quot;both&quot;,&quot;effect&quot;:&quot;slide&quot;,&quot;speed&quot;:500}\" data-widget_type=\"image-carousel.default\">\n\t\t\t\t<div class=\"elementor-widget-container\">\n\t\t\t\t\t\t\t<div class=\"elementor-image-carousel-wrapper swiper\" role=\"region\" aria-roledescription=\"carousel\" aria-label=\"Carrousel d\u2019images\" dir=\"ltr\">\n\t\t\t<div class=\"elementor-image-carousel swiper-wrapper\" aria-live=\"polite\">\n\t\t\t\t\t\t\t\t<div class=\"swiper-slide\" role=\"group\" aria-roledescription=\"slide\" aria-label=\"1 sur 2\"><figure class=\"swiper-slide-inner\"><img decoding=\"async\" class=\"swiper-slide-image\" src=\"https:\/\/lesdocsdenoirmoutier.fr\/wp-content\/uploads\/2024\/03\/LDDN24-GrilleProgWebP1-scaled.jpg\" alt=\"P1\" \/><\/figure><\/div><div class=\"swiper-slide\" role=\"group\" aria-roledescription=\"slide\" aria-label=\"2 sur 2\"><figure class=\"swiper-slide-inner\"><img decoding=\"async\" class=\"swiper-slide-image\" src=\"https:\/\/lesdocsdenoirmoutier.fr\/wp-content\/uploads\/2024\/03\/LDDN24-GrilleProgWebP2-scaled.jpg\" alt=\"P2\" \/><\/figure><\/div>\t\t\t<\/div>\n\t\t\t\t\t\t\t\t\t\t\t\t<div class=\"elementor-swiper-button elementor-swiper-button-prev\" role=\"button\" tabindex=\"0\">\n\t\t\t\t\t\t<i aria-hidden=\"true\" class=\"eicon-chevron-left\"><\/i>\t\t\t\t\t<\/div>\n\t\t\t\t\t<div class=\"elementor-swiper-button elementor-swiper-button-next\" role=\"button\" tabindex=\"0\">\n\t\t\t\t\t\t<i aria-hidden=\"true\" class=\"eicon-chevron-right\"><\/i>\t\t\t\t\t<\/div>\n\t\t\t\t\n\t\t\t\t\t\t\t\t\t<div class=\"swiper-pagination\"><\/div>\n\t\t\t\t\t\t\t\t\t<\/div>\n\t\t\t\t\t\t<\/div>\n\t\t\t\t<\/div>\n\t\t\t\t\t<\/div>\n\t\t<\/div>\n\t\t\t\t\t<\/div>\n\t\t<\/section>\n\t\t\t\t<section class=\"elementor-section elementor-top-section elementor-element elementor-element-eaac2d0 elementor-section-boxed elementor-section-height-default elementor-section-height-default\" data-id=\"eaac2d0\" data-element_type=\"section\">\n\t\t\t\t\t\t<div class=\"elementor-container elementor-column-gap-default\">\n\t\t\t\t\t<div class=\"elementor-column elementor-col-100 elementor-top-column elementor-element elementor-element-0b0edb0\" data-id=\"0b0edb0\" data-element_type=\"column\">\n\t\t\t<div class=\"elementor-widget-wrap elementor-element-populated\">\n\t\t\t\t\t\t<div class=\"elementor-element elementor-element-f49c1f0 elementor-align-center elementor-widget elementor-widget-button\" data-id=\"f49c1f0\" data-element_type=\"widget\" data-widget_type=\"button.default\">\n\t\t\t\t<div class=\"elementor-widget-container\">\n\t\t\t\t\t\t\t\t\t<div class=\"elementor-button-wrapper\">\n\t\t\t\t\t<a class=\"elementor-button elementor-button-link elementor-size-sm\" href=\"https:\/\/lesdocsdenoirmoutier.fr\/wp-content\/uploads\/2024\/03\/CatalogueLDDN24-WEB_compressed.pdf\">\n\t\t\t\t\t\t<span class=\"elementor-button-content-wrapper\">\n\t\t\t\t\t\t\t\t\t<span class=\"elementor-button-text\">T\u00e9l\u00e9charger le catalogue complet<\/span>\n\t\t\t\t\t<\/span>\n\t\t\t\t\t<\/a>\n\t\t\t\t<\/div>\n\t\t\t\t\t\t\t\t<\/div>\n\t\t\t\t<\/div>\n\t\t\t\t<div class=\"elementor-element elementor-element-368f243 elementor-align-center elementor-widget elementor-widget-button\" data-id=\"368f243\" data-element_type=\"widget\" data-widget_type=\"button.default\">\n\t\t\t\t<div class=\"elementor-widget-container\">\n\t\t\t\t\t\t\t\t\t<div class=\"elementor-button-wrapper\">\n\t\t\t\t\t<a class=\"elementor-button elementor-button-link elementor-size-sm\" href=\"https:\/\/lesdocsdenoirmoutier.fr\/?page_id=4627\">\n\t\t\t\t\t\t<span class=\"elementor-button-content-wrapper\">\n\t\t\t\t\t\t\t\t\t<span class=\"elementor-button-text\">Retour au d\u00e9tail de l'\u00e9dition<\/span>\n\t\t\t\t\t<\/span>\n\t\t\t\t\t<\/a>\n\t\t\t\t<\/div>\n\t\t\t\t\t\t\t\t<\/div>\n\t\t\t\t<\/div>\n\t\t\t\t\t<\/div>\n\t\t<\/div>\n\t\t\t\t\t<\/div>\n\t\t<\/section>\n\t\t\t\t<\/div>\n\t\t","protected":false},"excerpt":{"rendered":"<p>Grille de programmation T\u00e9l\u00e9charger le catalogue complet Retour au d\u00e9tail de l&rsquo;\u00e9dition<\/p>\n","protected":false},"author":1,"featured_media":0,"parent":4627,"menu_order":0,"comment_status":"closed","ping_status":"closed","template":"","meta":{"_mo_disable_npp":"","_kad_post_transparent":"","_kad_post_title":"hide","_kad_post_layout":"fullwidth","_kad_post_sidebar_id":"","_kad_post_content_style":"unboxed","_kad_post_vertical_padding":"hide","_kad_post_feature":"hide","_kad_post_feature_position":"","_kad_post_header":false,"_kad_post_footer":false,"footnotes":""},"class_list":["post-5787","page","type-page","status-publish","hentry"],"yoast_head":"<!-- This site is optimized with the Yoast SEO plugin v27.5 - https:\/\/yoast.com\/product\/yoast-seo-wordpress\/ -->\n<title>Grille de Programmation 2024 - Les Docs de Noirmoutier<\/title>\n<meta name=\"robots\" content=\"index, follow, max-snippet:-1, max-image-preview:large, max-video-preview:-1\" \/>\n<link rel=\"canonical\" href=\"https:\/\/lesdocsdenoirmoutier.fr\/?page_id=5787\" \/>\n<meta property=\"og:locale\" content=\"fr_FR\" \/>\n<meta property=\"og:type\" content=\"article\" \/>\n<meta property=\"og:title\" content=\"Grille de Programmation 2024 - Les Docs de Noirmoutier\" \/>\n<meta property=\"og:description\" content=\"Grille de programmation T\u00e9l\u00e9charger le catalogue complet Retour au d\u00e9tail de l&rsquo;\u00e9dition\" \/>\n<meta property=\"og:url\" content=\"https:\/\/lesdocsdenoirmoutier.fr\/?page_id=5787\" \/>\n<meta property=\"og:site_name\" content=\"Les Docs de Noirmoutier\" \/>\n<meta property=\"article:publisher\" content=\"https:\/\/www.facebook.com\/lesdocsdenoirmoutier\" \/>\n<meta property=\"article:modified_time\" content=\"2024-03-16T15:38:06+00:00\" \/>\n<meta property=\"og:image\" content=\"https:\/\/lesdocsdenoirmoutier.fr\/wp-content\/uploads\/2024\/03\/LDDN24-GrilleProgWebP1-scaled.jpg\" \/>\n<meta name=\"twitter:card\" content=\"summary_large_image\" \/>\n<meta name=\"twitter:label1\" content=\"Dur\u00e9e de lecture estim\u00e9e\" \/>\n\t<meta name=\"twitter:data1\" content=\"1 minute\" \/>\n<script type=\"application\/ld+json\" class=\"yoast-schema-graph\">{\"@context\":\"https:\\\/\\\/schema.org\",\"@graph\":[{\"@type\":\"WebPage\",\"@id\":\"https:\\\/\\\/lesdocsdenoirmoutier.fr\\\/?page_id=5787\",\"url\":\"https:\\\/\\\/lesdocsdenoirmoutier.fr\\\/?page_id=5787\",\"name\":\"Grille de Programmation 2024 - Les Docs de Noirmoutier\",\"isPartOf\":{\"@id\":\"https:\\\/\\\/lesdocsdenoirmoutier.fr\\\/#website\"},\"primaryImageOfPage\":{\"@id\":\"https:\\\/\\\/lesdocsdenoirmoutier.fr\\\/?page_id=5787#primaryimage\"},\"image\":{\"@id\":\"https:\\\/\\\/lesdocsdenoirmoutier.fr\\\/?page_id=5787#primaryimage\"},\"thumbnailUrl\":\"https:\\\/\\\/lesdocsdenoirmoutier.fr\\\/wp-content\\\/uploads\\\/2024\\\/03\\\/LDDN24-GrilleProgWebP1-scaled.jpg\",\"datePublished\":\"2024-03-12T10:11:53+00:00\",\"dateModified\":\"2024-03-16T15:38:06+00:00\",\"breadcrumb\":{\"@id\":\"https:\\\/\\\/lesdocsdenoirmoutier.fr\\\/?page_id=5787#breadcrumb\"},\"inLanguage\":\"fr-FR\",\"potentialAction\":[{\"@type\":\"ReadAction\",\"target\":[\"https:\\\/\\\/lesdocsdenoirmoutier.fr\\\/?page_id=5787\"]}]},{\"@type\":\"ImageObject\",\"inLanguage\":\"fr-FR\",\"@id\":\"https:\\\/\\\/lesdocsdenoirmoutier.fr\\\/?page_id=5787#primaryimage\",\"url\":\"https:\\\/\\\/lesdocsdenoirmoutier.fr\\\/wp-content\\\/uploads\\\/2024\\\/03\\\/LDDN24-GrilleProgWebP1-scaled.jpg\",\"contentUrl\":\"https:\\\/\\\/lesdocsdenoirmoutier.fr\\\/wp-content\\\/uploads\\\/2024\\\/03\\\/LDDN24-GrilleProgWebP1-scaled.jpg\",\"width\":2560,\"height\":1600,\"caption\":\"P1\"},{\"@type\":\"BreadcrumbList\",\"@id\":\"https:\\\/\\\/lesdocsdenoirmoutier.fr\\\/?page_id=5787#breadcrumb\",\"itemListElement\":[{\"@type\":\"ListItem\",\"position\":1,\"name\":\"Accueil\",\"item\":\"https:\\\/\\\/lesdocsdenoirmoutier.fr\\\/\"},{\"@type\":\"ListItem\",\"position\":2,\"name\":\"\u00c9dition 2024\",\"item\":\"https:\\\/\\\/lesdocsdenoirmoutier.fr\\\/?page_id=4627\"},{\"@type\":\"ListItem\",\"position\":3,\"name\":\"Grille de Programmation 2024\"}]},{\"@type\":\"WebSite\",\"@id\":\"https:\\\/\\\/lesdocsdenoirmoutier.fr\\\/#website\",\"url\":\"https:\\\/\\\/lesdocsdenoirmoutier.fr\\\/\",\"name\":\"Les Docs de Noirmoutier\",\"description\":\"Festival de Documentaires sur l\u2019\u00eele de Noirmoutier\",\"publisher\":{\"@id\":\"https:\\\/\\\/lesdocsdenoirmoutier.fr\\\/#organization\"},\"potentialAction\":[{\"@type\":\"SearchAction\",\"target\":{\"@type\":\"EntryPoint\",\"urlTemplate\":\"https:\\\/\\\/lesdocsdenoirmoutier.fr\\\/?s={search_term_string}\"},\"query-input\":{\"@type\":\"PropertyValueSpecification\",\"valueRequired\":true,\"valueName\":\"search_term_string\"}}],\"inLanguage\":\"fr-FR\"},{\"@type\":\"Organization\",\"@id\":\"https:\\\/\\\/lesdocsdenoirmoutier.fr\\\/#organization\",\"name\":\"Les Docs de Noirmoutier\",\"url\":\"https:\\\/\\\/lesdocsdenoirmoutier.fr\\\/\",\"logo\":{\"@type\":\"ImageObject\",\"inLanguage\":\"fr-FR\",\"@id\":\"https:\\\/\\\/lesdocsdenoirmoutier.fr\\\/#\\\/schema\\\/logo\\\/image\\\/\",\"url\":\"https:\\\/\\\/lesdocsdenoirmoutier.fr\\\/wp-content\\\/uploads\\\/2021\\\/05\\\/cropped-HD_LES-DOCS-DE-NOIRMOUTIERS_Logo_RVB_Fond-Clair-1.png\",\"contentUrl\":\"https:\\\/\\\/lesdocsdenoirmoutier.fr\\\/wp-content\\\/uploads\\\/2021\\\/05\\\/cropped-HD_LES-DOCS-DE-NOIRMOUTIERS_Logo_RVB_Fond-Clair-1.png\",\"width\":7064,\"height\":3098,\"caption\":\"Les Docs de Noirmoutier\"},\"image\":{\"@id\":\"https:\\\/\\\/lesdocsdenoirmoutier.fr\\\/#\\\/schema\\\/logo\\\/image\\\/\"},\"sameAs\":[\"https:\\\/\\\/www.facebook.com\\\/lesdocsdenoirmoutier\",\"https:\\\/\\\/www.instagram.com\\\/lesdocsdenoirmoutier\\\/\"]}]}<\/script>\n<!-- \/ Yoast SEO plugin. -->","yoast_head_json":{"title":"Grille de Programmation 2024 - Les Docs de Noirmoutier","robots":{"index":"index","follow":"follow","max-snippet":"max-snippet:-1","max-image-preview":"max-image-preview:large","max-video-preview":"max-video-preview:-1"},"canonical":"https:\/\/lesdocsdenoirmoutier.fr\/?page_id=5787","og_locale":"fr_FR","og_type":"article","og_title":"Grille de Programmation 2024 - Les Docs de Noirmoutier","og_description":"Grille de programmation T\u00e9l\u00e9charger le catalogue complet Retour au d\u00e9tail de l&rsquo;\u00e9dition","og_url":"https:\/\/lesdocsdenoirmoutier.fr\/?page_id=5787","og_site_name":"Les Docs de Noirmoutier","article_publisher":"https:\/\/www.facebook.com\/lesdocsdenoirmoutier","article_modified_time":"2024-03-16T15:38:06+00:00","og_image":[{"url":"https:\/\/lesdocsdenoirmoutier.fr\/wp-content\/uploads\/2024\/03\/LDDN24-GrilleProgWebP1-scaled.jpg","type":"","width":"","height":""}],"twitter_card":"summary_large_image","twitter_misc":{"Dur\u00e9e de lecture estim\u00e9e":"1 minute"},"schema":{"@context":"https:\/\/schema.org","@graph":[{"@type":"WebPage","@id":"https:\/\/lesdocsdenoirmoutier.fr\/?page_id=5787","url":"https:\/\/lesdocsdenoirmoutier.fr\/?page_id=5787","name":"Grille de Programmation 2024 - Les Docs de Noirmoutier","isPartOf":{"@id":"https:\/\/lesdocsdenoirmoutier.fr\/#website"},"primaryImageOfPage":{"@id":"https:\/\/lesdocsdenoirmoutier.fr\/?page_id=5787#primaryimage"},"image":{"@id":"https:\/\/lesdocsdenoirmoutier.fr\/?page_id=5787#primaryimage"},"thumbnailUrl":"https:\/\/lesdocsdenoirmoutier.fr\/wp-content\/uploads\/2024\/03\/LDDN24-GrilleProgWebP1-scaled.jpg","datePublished":"2024-03-12T10:11:53+00:00","dateModified":"2024-03-16T15:38:06+00:00","breadcrumb":{"@id":"https:\/\/lesdocsdenoirmoutier.fr\/?page_id=5787#breadcrumb"},"inLanguage":"fr-FR","potentialAction":[{"@type":"ReadAction","target":["https:\/\/lesdocsdenoirmoutier.fr\/?page_id=5787"]}]},{"@type":"ImageObject","inLanguage":"fr-FR","@id":"https:\/\/lesdocsdenoirmoutier.fr\/?page_id=5787#primaryimage","url":"https:\/\/lesdocsdenoirmoutier.fr\/wp-content\/uploads\/2024\/03\/LDDN24-GrilleProgWebP1-scaled.jpg","contentUrl":"https:\/\/lesdocsdenoirmoutier.fr\/wp-content\/uploads\/2024\/03\/LDDN24-GrilleProgWebP1-scaled.jpg","width":2560,"height":1600,"caption":"P1"},{"@type":"BreadcrumbList","@id":"https:\/\/lesdocsdenoirmoutier.fr\/?page_id=5787#breadcrumb","itemListElement":[{"@type":"ListItem","position":1,"name":"Accueil","item":"https:\/\/lesdocsdenoirmoutier.fr\/"},{"@type":"ListItem","position":2,"name":"\u00c9dition 2024","item":"https:\/\/lesdocsdenoirmoutier.fr\/?page_id=4627"},{"@type":"ListItem","position":3,"name":"Grille de Programmation 2024"}]},{"@type":"WebSite","@id":"https:\/\/lesdocsdenoirmoutier.fr\/#website","url":"https:\/\/lesdocsdenoirmoutier.fr\/","name":"Les Docs de Noirmoutier","description":"Festival de Documentaires sur l\u2019\u00eele de Noirmoutier","publisher":{"@id":"https:\/\/lesdocsdenoirmoutier.fr\/#organization"},"potentialAction":[{"@type":"SearchAction","target":{"@type":"EntryPoint","urlTemplate":"https:\/\/lesdocsdenoirmoutier.fr\/?s={search_term_string}"},"query-input":{"@type":"PropertyValueSpecification","valueRequired":true,"valueName":"search_term_string"}}],"inLanguage":"fr-FR"},{"@type":"Organization","@id":"https:\/\/lesdocsdenoirmoutier.fr\/#organization","name":"Les Docs de Noirmoutier","url":"https:\/\/lesdocsdenoirmoutier.fr\/","logo":{"@type":"ImageObject","inLanguage":"fr-FR","@id":"https:\/\/lesdocsdenoirmoutier.fr\/#\/schema\/logo\/image\/","url":"https:\/\/lesdocsdenoirmoutier.fr\/wp-content\/uploads\/2021\/05\/cropped-HD_LES-DOCS-DE-NOIRMOUTIERS_Logo_RVB_Fond-Clair-1.png","contentUrl":"https:\/\/lesdocsdenoirmoutier.fr\/wp-content\/uploads\/2021\/05\/cropped-HD_LES-DOCS-DE-NOIRMOUTIERS_Logo_RVB_Fond-Clair-1.png","width":7064,"height":3098,"caption":"Les Docs de Noirmoutier"},"image":{"@id":"https:\/\/lesdocsdenoirmoutier.fr\/#\/schema\/logo\/image\/"},"sameAs":["https:\/\/www.facebook.com\/lesdocsdenoirmoutier","https:\/\/www.instagram.com\/lesdocsdenoirmoutier\/"]}]}},"_links":{"self":[{"href":"https:\/\/lesdocsdenoirmoutier.fr\/index.php?rest_route=\/wp\/v2\/pages\/5787","targetHints":{"allow":["GET"]}}],"collection":[{"href":"https:\/\/lesdocsdenoirmoutier.fr\/index.php?rest_route=\/wp\/v2\/pages"}],"about":[{"href":"https:\/\/lesdocsdenoirmoutier.fr\/index.php?rest_route=\/wp\/v2\/types\/page"}],"author":[{"embeddable":true,"href":"https:\/\/lesdocsdenoirmoutier.fr\/index.php?rest_route=\/wp\/v2\/users\/1"}],"replies":[{"embeddable":true,"href":"https:\/\/lesdocsdenoirmoutier.fr\/index.php?rest_route=%2Fwp%2Fv2%2Fcomments&post=5787"}],"version-history":[{"count":16,"href":"https:\/\/lesdocsdenoirmoutier.fr\/index.php?rest_route=\/wp\/v2\/pages\/5787\/revisions"}],"predecessor-version":[{"id":5864,"href":"https:\/\/lesdocsdenoirmoutier.fr\/index.php?rest_route=\/wp\/v2\/pages\/5787\/revisions\/5864"}],"up":[{"embeddable":true,"href":"https:\/\/lesdocsdenoirmoutier.fr\/index.php?rest_route=\/wp\/v2\/pages\/4627"}],"wp:attachment":[{"href":"https:\/\/lesdocsdenoirmoutier.fr\/index.php?rest_route=%2Fwp%2Fv2%2Fmedia&parent=5787"}],"curies":[{"name":"wp","href":"https:\/\/api.w.org\/{rel}","templated":true}]}}