{"id":6447,"date":"2025-04-04T18:01:20","date_gmt":"2025-04-04T16:01:20","guid":{"rendered":"https:\/\/lesdocsdenoirmoutier.fr\/?page_id=6447"},"modified":"2025-04-07T11:57:25","modified_gmt":"2025-04-07T09:57:25","slug":"ateliers-2025","status":"publish","type":"page","link":"https:\/\/lesdocsdenoirmoutier.fr\/?page_id=6447","title":{"rendered":"Ateliers 2025"},"content":{"rendered":"\t\t<div data-elementor-type=\"wp-page\" data-elementor-id=\"6447\" class=\"elementor elementor-6447\" data-elementor-post-type=\"page\">\n\t\t\t\t\t\t<section class=\"elementor-section elementor-top-section elementor-element elementor-element-6921a938 elementor-section-boxed elementor-section-height-default elementor-section-height-default\" data-id=\"6921a938\" data-element_type=\"section\">\n\t\t\t\t\t\t<div class=\"elementor-container elementor-column-gap-default\">\n\t\t\t\t\t<div class=\"elementor-column elementor-col-100 elementor-top-column elementor-element elementor-element-272eb4a7\" data-id=\"272eb4a7\" data-element_type=\"column\" data-settings=\"{&quot;background_background&quot;:&quot;classic&quot;}\">\n\t\t\t<div class=\"elementor-widget-wrap elementor-element-populated\">\n\t\t\t\t\t\t<div class=\"elementor-element elementor-element-b07ab28 elementor-hidden-mobile elementor-widget elementor-widget-spacer\" data-id=\"b07ab28\" data-element_type=\"widget\" data-widget_type=\"spacer.default\">\n\t\t\t\t<div class=\"elementor-widget-container\">\n\t\t\t\t\t\t\t<div class=\"elementor-spacer\">\n\t\t\t<div class=\"elementor-spacer-inner\"><\/div>\n\t\t<\/div>\n\t\t\t\t\t\t<\/div>\n\t\t\t\t<\/div>\n\t\t\t\t<div class=\"elementor-element elementor-element-1d8c9fe elementor-widget elementor-widget-heading\" data-id=\"1d8c9fe\" data-element_type=\"widget\" data-widget_type=\"heading.default\">\n\t\t\t\t<div class=\"elementor-widget-container\">\n\t\t\t\t\t<h2 class=\"elementor-heading-title elementor-size-default\">Ateliers<\/h2>\t\t\t\t<\/div>\n\t\t\t\t<\/div>\n\t\t\t\t<div class=\"elementor-element elementor-element-65da8bf elementor-widget elementor-widget-text-editor\" data-id=\"65da8bf\" data-element_type=\"widget\" data-widget_type=\"text-editor.default\">\n\t\t\t\t<div class=\"elementor-widget-container\">\n\t\t\t\t\t\t\t\t\t<p>Ateliers gratuits sur r\u00e9servation.\u00a0<br \/>Rendez-vous dans la salle annexe de la mairie de Noirmoutier-en-l&rsquo;Ile, \u00e0 l&rsquo;entr\u00e9e de la Grande Rue.<\/p><p>\u00a0<\/p>\t\t\t\t\t\t\t\t<\/div>\n\t\t\t\t<\/div>\n\t\t\t\t\t<\/div>\n\t\t<\/div>\n\t\t\t\t\t<\/div>\n\t\t<\/section>\n\t\t<div class=\"elementor-element elementor-element-f2cdd58 e-grid e-con-boxed e-con e-parent\" data-id=\"f2cdd58\" data-element_type=\"container\">\n\t\t\t\t\t<div class=\"e-con-inner\">\n\t\t<div class=\"elementor-element elementor-element-81915ce e-con-full e-flex e-con e-child\" data-id=\"81915ce\" data-element_type=\"container\">\n\t\t\t\t<div class=\"elementor-element elementor-element-70119b2 elementor-widget elementor-widget-text-editor\" data-id=\"70119b2\" data-element_type=\"widget\" data-widget_type=\"text-editor.default\">\n\t\t\t\t<div class=\"elementor-widget-container\">\n\t\t\t\t\t\t\t\t\t<p>Atelier dessin et grattage sur pellicule<\/p>\t\t\t\t\t\t\t\t<\/div>\n\t\t\t\t<\/div>\n\t\t\t\t<div class=\"elementor-element elementor-element-c7ae7ea elementor-widget elementor-widget-text-editor\" data-id=\"c7ae7ea\" data-element_type=\"widget\" data-widget_type=\"text-editor.default\">\n\t\t\t\t<div class=\"elementor-widget-container\">\n\t\t\t\t\t\t\t\t\t<p>Vendredi 18 avril \u00e0 16h<br \/>Samedi 19 avril \u00e0 14h<\/p>\t\t\t\t\t\t\t\t<\/div>\n\t\t\t\t<\/div>\n\t\t\t\t<div class=\"elementor-element elementor-element-5282025 elementor-widget elementor-widget-image\" data-id=\"5282025\" data-element_type=\"widget\" data-widget_type=\"image.default\">\n\t\t\t\t<div class=\"elementor-widget-container\">\n\t\t\t\t\t\t\t\t\t\t\t\t\t\t\t<img fetchpriority=\"high\" decoding=\"async\" width=\"768\" height=\"510\" src=\"https:\/\/lesdocsdenoirmoutier.fr\/wp-content\/uploads\/2025\/04\/Capture-decran-2025-04-07-a-11.55.44-768x510.png\" class=\"attachment-medium_large size-medium_large wp-image-6527\" alt=\"\" srcset=\"https:\/\/lesdocsdenoirmoutier.fr\/wp-content\/uploads\/2025\/04\/Capture-decran-2025-04-07-a-11.55.44-768x510.png 768w, https:\/\/lesdocsdenoirmoutier.fr\/wp-content\/uploads\/2025\/04\/Capture-decran-2025-04-07-a-11.55.44-300x199.png 300w, https:\/\/lesdocsdenoirmoutier.fr\/wp-content\/uploads\/2025\/04\/Capture-decran-2025-04-07-a-11.55.44-1024x680.png 1024w, https:\/\/lesdocsdenoirmoutier.fr\/wp-content\/uploads\/2025\/04\/Capture-decran-2025-04-07-a-11.55.44.png 1270w\" sizes=\"(max-width: 768px) 100vw, 768px\" \/>\t\t\t\t\t\t\t\t\t\t\t\t\t\t\t<\/div>\n\t\t\t\t<\/div>\n\t\t\t\t<div class=\"elementor-element elementor-element-3fdd3d4 elementor-widget elementor-widget-text-editor\" data-id=\"3fdd3d4\" data-element_type=\"widget\" data-widget_type=\"text-editor.default\">\n\t\t\t\t<div class=\"elementor-widget-container\">\n\t\t\t\t\t\t\t\t\t<p><span style=\"font-weight: 400;\">Avec S\u00e9bastien Ronceray, de l\u2019association Braquage, d\u00e9couvrez le cin\u00e9ma argentique.\u00a0<\/span><\/p><p><span style=\"font-weight: 400;\">Dans cet atelier, vous r\u00e9aliserez un film sans cam\u00e9ra en dessinant sur la pellicule 16mm, ou en en grattant l\u2019\u00e9mulsion. L\u2019objectif est de les initier \u00e0 la mat\u00e9rialit\u00e9 du cin\u00e9ma pour en comprendre les m\u00e9canismes (photogrammes, d\u00e9composition du mouvement, animation, perforation, bande son). Il s\u2019agit aussi de d\u00e9couvrir le fonctionnement d\u2019un projecteur (principe, d\u00e9filement des images, illusions d\u2019optiques).<\/span><\/p>\t\t\t\t\t\t\t\t<\/div>\n\t\t\t\t<\/div>\n\t\t\t\t<div class=\"elementor-element elementor-element-e474abd elementor-align-center elementor-widget elementor-widget-button\" data-id=\"e474abd\" data-element_type=\"widget\" data-widget_type=\"button.default\">\n\t\t\t\t<div class=\"elementor-widget-container\">\n\t\t\t\t\t\t\t\t\t<div class=\"elementor-button-wrapper\">\n\t\t\t\t\t<a class=\"elementor-button elementor-button-link elementor-size-sm\" href=\"mailto:%20contact@lesdocsdenoirmoutier.fr?Subject=R\u00e9servation%20Atelier%20Grattage%20sur%20pellicule\" target=\"_blank\">\n\t\t\t\t\t\t<span class=\"elementor-button-content-wrapper\">\n\t\t\t\t\t\t\t\t\t<span class=\"elementor-button-text\">Je m'inscris<\/span>\n\t\t\t\t\t<\/span>\n\t\t\t\t\t<\/a>\n\t\t\t\t<\/div>\n\t\t\t\t\t\t\t\t<\/div>\n\t\t\t\t<\/div>\n\t\t\t\t<\/div>\n\t\t<div class=\"elementor-element elementor-element-83d6118 e-con-full e-flex e-con e-child\" data-id=\"83d6118\" data-element_type=\"container\">\n\t\t\t\t<div class=\"elementor-element elementor-element-f863a87 elementor-widget elementor-widget-text-editor\" data-id=\"f863a87\" data-element_type=\"widget\" data-widget_type=\"text-editor.default\">\n\t\t\t\t<div class=\"elementor-widget-container\">\n\t\t\t\t\t\t\t\t\t<p><b>Atelier Table Mashup<\/b><\/p>\t\t\t\t\t\t\t\t<\/div>\n\t\t\t\t<\/div>\n\t\t\t\t<div class=\"elementor-element elementor-element-6eda1f0 elementor-widget elementor-widget-text-editor\" data-id=\"6eda1f0\" data-element_type=\"widget\" data-widget_type=\"text-editor.default\">\n\t\t\t\t<div class=\"elementor-widget-container\">\n\t\t\t\t\t\t\t\t\t<p><span style=\"font-weight: 400;\">Dimanche 20 avril \u00e0 14h<br \/>Lundi 21 avril \u00e0 14h<\/span><\/p>\t\t\t\t\t\t\t\t<\/div>\n\t\t\t\t<\/div>\n\t\t\t\t<div class=\"elementor-element elementor-element-59c4bfb elementor-widget elementor-widget-image\" data-id=\"59c4bfb\" data-element_type=\"widget\" data-widget_type=\"image.default\">\n\t\t\t\t<div class=\"elementor-widget-container\">\n\t\t\t\t\t\t\t\t\t\t\t\t\t\t\t<img decoding=\"async\" width=\"768\" height=\"576\" src=\"https:\/\/lesdocsdenoirmoutier.fr\/wp-content\/uploads\/2022\/08\/Table-mashup-768x576.jpeg\" class=\"attachment-medium_large size-medium_large wp-image-3822\" alt=\"\" srcset=\"https:\/\/lesdocsdenoirmoutier.fr\/wp-content\/uploads\/2022\/08\/Table-mashup-768x576.jpeg 768w, https:\/\/lesdocsdenoirmoutier.fr\/wp-content\/uploads\/2022\/08\/Table-mashup-300x225.jpeg 300w, https:\/\/lesdocsdenoirmoutier.fr\/wp-content\/uploads\/2022\/08\/Table-mashup.jpeg 960w\" sizes=\"(max-width: 768px) 100vw, 768px\" \/>\t\t\t\t\t\t\t\t\t\t\t\t\t\t\t<\/div>\n\t\t\t\t<\/div>\n\t\t\t\t<div class=\"elementor-element elementor-element-411fb78 elementor-widget elementor-widget-text-editor\" data-id=\"411fb78\" data-element_type=\"widget\" data-widget_type=\"text-editor.default\">\n\t\t\t\t<div class=\"elementor-widget-container\">\n\t\t\t\t\t\t\t\t\t<p><span style=\"font-weight: 400;\">Anim\u00e9 par un membre du collectif nantais Makiz\u2019art, cet atelier propose\u00a0 au public de manipuler la table Mashup, un outil ludique qui permet de mixer en direct des extrait vid\u00e9os, des musiques, des bruitages, le tout par le biais de simples cartes.<\/span><\/p><p><span style=\"font-weight: 400;\">Cette initiation permet de d\u00e9couvrir l\u2019art du montage avec pour mati\u00e8re premi\u00e8re des images issues de films projet\u00e9s durant le festival.<\/span><\/p>\t\t\t\t\t\t\t\t<\/div>\n\t\t\t\t<\/div>\n\t\t\t\t<div class=\"elementor-element elementor-element-e66e9a6 elementor-align-center elementor-widget elementor-widget-button\" data-id=\"e66e9a6\" data-element_type=\"widget\" data-widget_type=\"button.default\">\n\t\t\t\t<div class=\"elementor-widget-container\">\n\t\t\t\t\t\t\t\t\t<div class=\"elementor-button-wrapper\">\n\t\t\t\t\t<a class=\"elementor-button elementor-button-link elementor-size-sm\" href=\"mailto:%20contact@lesdocsdenoirmoutier.fr?Subject=R\u00e9servation%20Atelier%20Table%20Mashup\" target=\"_blank\">\n\t\t\t\t\t\t<span class=\"elementor-button-content-wrapper\">\n\t\t\t\t\t\t\t\t\t<span class=\"elementor-button-text\">Je m'inscris<\/span>\n\t\t\t\t\t<\/span>\n\t\t\t\t\t<\/a>\n\t\t\t\t<\/div>\n\t\t\t\t\t\t\t\t<\/div>\n\t\t\t\t<\/div>\n\t\t\t\t<\/div>\n\t\t\t\t\t<\/div>\n\t\t\t\t<\/div>\n\t\t\t\t<\/div>\n\t\t","protected":false},"excerpt":{"rendered":"<p>Ateliers Ateliers gratuits sur r\u00e9servation.\u00a0Rendez-vous dans la salle annexe de la mairie de Noirmoutier-en-l&rsquo;Ile, \u00e0 l&rsquo;entr\u00e9e de la Grande Rue. \u00a0 Atelier dessin et grattage sur pellicule Vendredi 18 avril \u00e0 16hSamedi 19 avril \u00e0 14h Avec S\u00e9bastien Ronceray, de l\u2019association Braquage, d\u00e9couvrez le cin\u00e9ma argentique.\u00a0 Dans cet atelier, vous r\u00e9aliserez un film sans cam\u00e9ra&#8230;<\/p>\n","protected":false},"author":1,"featured_media":0,"parent":5962,"menu_order":0,"comment_status":"closed","ping_status":"closed","template":"","meta":{"_mo_disable_npp":"","_kad_post_transparent":"","_kad_post_title":"hide","_kad_post_layout":"fullwidth","_kad_post_sidebar_id":"","_kad_post_content_style":"unboxed","_kad_post_vertical_padding":"hide","_kad_post_feature":"hide","_kad_post_feature_position":"","_kad_post_header":false,"_kad_post_footer":false,"footnotes":""},"class_list":["post-6447","page","type-page","status-publish","hentry"],"yoast_head":"<!-- This site is optimized with the Yoast SEO plugin v27.4 - https:\/\/yoast.com\/product\/yoast-seo-wordpress\/ -->\n<title>Ateliers 2025 - Les Docs de Noirmoutier<\/title>\n<meta name=\"robots\" content=\"index, follow, max-snippet:-1, max-image-preview:large, max-video-preview:-1\" \/>\n<link rel=\"canonical\" href=\"https:\/\/lesdocsdenoirmoutier.fr\/?page_id=6447\" \/>\n<meta property=\"og:locale\" content=\"fr_FR\" \/>\n<meta property=\"og:type\" content=\"article\" \/>\n<meta property=\"og:title\" content=\"Ateliers 2025 - Les Docs de Noirmoutier\" \/>\n<meta property=\"og:description\" content=\"Ateliers Ateliers gratuits sur r\u00e9servation.\u00a0Rendez-vous dans la salle annexe de la mairie de Noirmoutier-en-l&rsquo;Ile, \u00e0 l&rsquo;entr\u00e9e de la Grande Rue. \u00a0 Atelier dessin et grattage sur pellicule Vendredi 18 avril \u00e0 16hSamedi 19 avril \u00e0 14h Avec S\u00e9bastien Ronceray, de l\u2019association Braquage, d\u00e9couvrez le cin\u00e9ma argentique.\u00a0 Dans cet atelier, vous r\u00e9aliserez un film sans cam\u00e9ra...\" \/>\n<meta property=\"og:url\" content=\"https:\/\/lesdocsdenoirmoutier.fr\/?page_id=6447\" \/>\n<meta property=\"og:site_name\" content=\"Les Docs de Noirmoutier\" \/>\n<meta property=\"article:publisher\" content=\"https:\/\/www.facebook.com\/lesdocsdenoirmoutier\" \/>\n<meta property=\"article:modified_time\" content=\"2025-04-07T09:57:25+00:00\" \/>\n<meta property=\"og:image\" content=\"https:\/\/lesdocsdenoirmoutier.fr\/wp-content\/uploads\/2025\/04\/Capture-decran-2025-04-07-a-11.55.44.png\" \/>\n\t<meta property=\"og:image:width\" content=\"1270\" \/>\n\t<meta property=\"og:image:height\" content=\"843\" \/>\n\t<meta property=\"og:image:type\" content=\"image\/png\" \/>\n<meta name=\"twitter:card\" content=\"summary_large_image\" \/>\n<meta name=\"twitter:label1\" content=\"Dur\u00e9e de lecture estim\u00e9e\" \/>\n\t<meta name=\"twitter:data1\" content=\"2 minutes\" \/>\n<script type=\"application\/ld+json\" class=\"yoast-schema-graph\">{\"@context\":\"https:\\\/\\\/schema.org\",\"@graph\":[{\"@type\":\"WebPage\",\"@id\":\"https:\\\/\\\/lesdocsdenoirmoutier.fr\\\/?page_id=6447\",\"url\":\"https:\\\/\\\/lesdocsdenoirmoutier.fr\\\/?page_id=6447\",\"name\":\"Ateliers 2025 - Les Docs de Noirmoutier\",\"isPartOf\":{\"@id\":\"https:\\\/\\\/lesdocsdenoirmoutier.fr\\\/#website\"},\"primaryImageOfPage\":{\"@id\":\"https:\\\/\\\/lesdocsdenoirmoutier.fr\\\/?page_id=6447#primaryimage\"},\"image\":{\"@id\":\"https:\\\/\\\/lesdocsdenoirmoutier.fr\\\/?page_id=6447#primaryimage\"},\"thumbnailUrl\":\"https:\\\/\\\/lesdocsdenoirmoutier.fr\\\/wp-content\\\/uploads\\\/2025\\\/04\\\/Capture-decran-2025-04-07-a-11.55.44-768x510.png\",\"datePublished\":\"2025-04-04T16:01:20+00:00\",\"dateModified\":\"2025-04-07T09:57:25+00:00\",\"breadcrumb\":{\"@id\":\"https:\\\/\\\/lesdocsdenoirmoutier.fr\\\/?page_id=6447#breadcrumb\"},\"inLanguage\":\"fr-FR\",\"potentialAction\":[{\"@type\":\"ReadAction\",\"target\":[\"https:\\\/\\\/lesdocsdenoirmoutier.fr\\\/?page_id=6447\"]}]},{\"@type\":\"ImageObject\",\"inLanguage\":\"fr-FR\",\"@id\":\"https:\\\/\\\/lesdocsdenoirmoutier.fr\\\/?page_id=6447#primaryimage\",\"url\":\"https:\\\/\\\/lesdocsdenoirmoutier.fr\\\/wp-content\\\/uploads\\\/2025\\\/04\\\/Capture-decran-2025-04-07-a-11.55.44.png\",\"contentUrl\":\"https:\\\/\\\/lesdocsdenoirmoutier.fr\\\/wp-content\\\/uploads\\\/2025\\\/04\\\/Capture-decran-2025-04-07-a-11.55.44.png\",\"width\":1270,\"height\":843},{\"@type\":\"BreadcrumbList\",\"@id\":\"https:\\\/\\\/lesdocsdenoirmoutier.fr\\\/?page_id=6447#breadcrumb\",\"itemListElement\":[{\"@type\":\"ListItem\",\"position\":1,\"name\":\"Accueil\",\"item\":\"https:\\\/\\\/lesdocsdenoirmoutier.fr\\\/\"},{\"@type\":\"ListItem\",\"position\":2,\"name\":\"\u00c9dition 2025\",\"item\":\"https:\\\/\\\/lesdocsdenoirmoutier.fr\\\/?page_id=5962\"},{\"@type\":\"ListItem\",\"position\":3,\"name\":\"Ateliers 2025\"}]},{\"@type\":\"WebSite\",\"@id\":\"https:\\\/\\\/lesdocsdenoirmoutier.fr\\\/#website\",\"url\":\"https:\\\/\\\/lesdocsdenoirmoutier.fr\\\/\",\"name\":\"Les Docs de Noirmoutier\",\"description\":\"Festival de Documentaires sur l\u2019\u00eele de Noirmoutier\",\"publisher\":{\"@id\":\"https:\\\/\\\/lesdocsdenoirmoutier.fr\\\/#organization\"},\"potentialAction\":[{\"@type\":\"SearchAction\",\"target\":{\"@type\":\"EntryPoint\",\"urlTemplate\":\"https:\\\/\\\/lesdocsdenoirmoutier.fr\\\/?s={search_term_string}\"},\"query-input\":{\"@type\":\"PropertyValueSpecification\",\"valueRequired\":true,\"valueName\":\"search_term_string\"}}],\"inLanguage\":\"fr-FR\"},{\"@type\":\"Organization\",\"@id\":\"https:\\\/\\\/lesdocsdenoirmoutier.fr\\\/#organization\",\"name\":\"Les Docs de Noirmoutier\",\"url\":\"https:\\\/\\\/lesdocsdenoirmoutier.fr\\\/\",\"logo\":{\"@type\":\"ImageObject\",\"inLanguage\":\"fr-FR\",\"@id\":\"https:\\\/\\\/lesdocsdenoirmoutier.fr\\\/#\\\/schema\\\/logo\\\/image\\\/\",\"url\":\"https:\\\/\\\/lesdocsdenoirmoutier.fr\\\/wp-content\\\/uploads\\\/2021\\\/05\\\/cropped-HD_LES-DOCS-DE-NOIRMOUTIERS_Logo_RVB_Fond-Clair-1.png\",\"contentUrl\":\"https:\\\/\\\/lesdocsdenoirmoutier.fr\\\/wp-content\\\/uploads\\\/2021\\\/05\\\/cropped-HD_LES-DOCS-DE-NOIRMOUTIERS_Logo_RVB_Fond-Clair-1.png\",\"width\":7064,\"height\":3098,\"caption\":\"Les Docs de Noirmoutier\"},\"image\":{\"@id\":\"https:\\\/\\\/lesdocsdenoirmoutier.fr\\\/#\\\/schema\\\/logo\\\/image\\\/\"},\"sameAs\":[\"https:\\\/\\\/www.facebook.com\\\/lesdocsdenoirmoutier\",\"https:\\\/\\\/www.instagram.com\\\/lesdocsdenoirmoutier\\\/\"]}]}<\/script>\n<!-- \/ Yoast SEO plugin. -->","yoast_head_json":{"title":"Ateliers 2025 - Les Docs de Noirmoutier","robots":{"index":"index","follow":"follow","max-snippet":"max-snippet:-1","max-image-preview":"max-image-preview:large","max-video-preview":"max-video-preview:-1"},"canonical":"https:\/\/lesdocsdenoirmoutier.fr\/?page_id=6447","og_locale":"fr_FR","og_type":"article","og_title":"Ateliers 2025 - Les Docs de Noirmoutier","og_description":"Ateliers Ateliers gratuits sur r\u00e9servation.\u00a0Rendez-vous dans la salle annexe de la mairie de Noirmoutier-en-l&rsquo;Ile, \u00e0 l&rsquo;entr\u00e9e de la Grande Rue. \u00a0 Atelier dessin et grattage sur pellicule Vendredi 18 avril \u00e0 16hSamedi 19 avril \u00e0 14h Avec S\u00e9bastien Ronceray, de l\u2019association Braquage, d\u00e9couvrez le cin\u00e9ma argentique.\u00a0 Dans cet atelier, vous r\u00e9aliserez un film sans cam\u00e9ra...","og_url":"https:\/\/lesdocsdenoirmoutier.fr\/?page_id=6447","og_site_name":"Les Docs de Noirmoutier","article_publisher":"https:\/\/www.facebook.com\/lesdocsdenoirmoutier","article_modified_time":"2025-04-07T09:57:25+00:00","og_image":[{"width":1270,"height":843,"url":"https:\/\/lesdocsdenoirmoutier.fr\/wp-content\/uploads\/2025\/04\/Capture-decran-2025-04-07-a-11.55.44.png","type":"image\/png"}],"twitter_card":"summary_large_image","twitter_misc":{"Dur\u00e9e de lecture estim\u00e9e":"2 minutes"},"schema":{"@context":"https:\/\/schema.org","@graph":[{"@type":"WebPage","@id":"https:\/\/lesdocsdenoirmoutier.fr\/?page_id=6447","url":"https:\/\/lesdocsdenoirmoutier.fr\/?page_id=6447","name":"Ateliers 2025 - Les Docs de Noirmoutier","isPartOf":{"@id":"https:\/\/lesdocsdenoirmoutier.fr\/#website"},"primaryImageOfPage":{"@id":"https:\/\/lesdocsdenoirmoutier.fr\/?page_id=6447#primaryimage"},"image":{"@id":"https:\/\/lesdocsdenoirmoutier.fr\/?page_id=6447#primaryimage"},"thumbnailUrl":"https:\/\/lesdocsdenoirmoutier.fr\/wp-content\/uploads\/2025\/04\/Capture-decran-2025-04-07-a-11.55.44-768x510.png","datePublished":"2025-04-04T16:01:20+00:00","dateModified":"2025-04-07T09:57:25+00:00","breadcrumb":{"@id":"https:\/\/lesdocsdenoirmoutier.fr\/?page_id=6447#breadcrumb"},"inLanguage":"fr-FR","potentialAction":[{"@type":"ReadAction","target":["https:\/\/lesdocsdenoirmoutier.fr\/?page_id=6447"]}]},{"@type":"ImageObject","inLanguage":"fr-FR","@id":"https:\/\/lesdocsdenoirmoutier.fr\/?page_id=6447#primaryimage","url":"https:\/\/lesdocsdenoirmoutier.fr\/wp-content\/uploads\/2025\/04\/Capture-decran-2025-04-07-a-11.55.44.png","contentUrl":"https:\/\/lesdocsdenoirmoutier.fr\/wp-content\/uploads\/2025\/04\/Capture-decran-2025-04-07-a-11.55.44.png","width":1270,"height":843},{"@type":"BreadcrumbList","@id":"https:\/\/lesdocsdenoirmoutier.fr\/?page_id=6447#breadcrumb","itemListElement":[{"@type":"ListItem","position":1,"name":"Accueil","item":"https:\/\/lesdocsdenoirmoutier.fr\/"},{"@type":"ListItem","position":2,"name":"\u00c9dition 2025","item":"https:\/\/lesdocsdenoirmoutier.fr\/?page_id=5962"},{"@type":"ListItem","position":3,"name":"Ateliers 2025"}]},{"@type":"WebSite","@id":"https:\/\/lesdocsdenoirmoutier.fr\/#website","url":"https:\/\/lesdocsdenoirmoutier.fr\/","name":"Les Docs de Noirmoutier","description":"Festival de Documentaires sur l\u2019\u00eele de Noirmoutier","publisher":{"@id":"https:\/\/lesdocsdenoirmoutier.fr\/#organization"},"potentialAction":[{"@type":"SearchAction","target":{"@type":"EntryPoint","urlTemplate":"https:\/\/lesdocsdenoirmoutier.fr\/?s={search_term_string}"},"query-input":{"@type":"PropertyValueSpecification","valueRequired":true,"valueName":"search_term_string"}}],"inLanguage":"fr-FR"},{"@type":"Organization","@id":"https:\/\/lesdocsdenoirmoutier.fr\/#organization","name":"Les Docs de Noirmoutier","url":"https:\/\/lesdocsdenoirmoutier.fr\/","logo":{"@type":"ImageObject","inLanguage":"fr-FR","@id":"https:\/\/lesdocsdenoirmoutier.fr\/#\/schema\/logo\/image\/","url":"https:\/\/lesdocsdenoirmoutier.fr\/wp-content\/uploads\/2021\/05\/cropped-HD_LES-DOCS-DE-NOIRMOUTIERS_Logo_RVB_Fond-Clair-1.png","contentUrl":"https:\/\/lesdocsdenoirmoutier.fr\/wp-content\/uploads\/2021\/05\/cropped-HD_LES-DOCS-DE-NOIRMOUTIERS_Logo_RVB_Fond-Clair-1.png","width":7064,"height":3098,"caption":"Les Docs de Noirmoutier"},"image":{"@id":"https:\/\/lesdocsdenoirmoutier.fr\/#\/schema\/logo\/image\/"},"sameAs":["https:\/\/www.facebook.com\/lesdocsdenoirmoutier","https:\/\/www.instagram.com\/lesdocsdenoirmoutier\/"]}]}},"_links":{"self":[{"href":"https:\/\/lesdocsdenoirmoutier.fr\/index.php?rest_route=\/wp\/v2\/pages\/6447","targetHints":{"allow":["GET"]}}],"collection":[{"href":"https:\/\/lesdocsdenoirmoutier.fr\/index.php?rest_route=\/wp\/v2\/pages"}],"about":[{"href":"https:\/\/lesdocsdenoirmoutier.fr\/index.php?rest_route=\/wp\/v2\/types\/page"}],"author":[{"embeddable":true,"href":"https:\/\/lesdocsdenoirmoutier.fr\/index.php?rest_route=\/wp\/v2\/users\/1"}],"replies":[{"embeddable":true,"href":"https:\/\/lesdocsdenoirmoutier.fr\/index.php?rest_route=%2Fwp%2Fv2%2Fcomments&post=6447"}],"version-history":[{"count":31,"href":"https:\/\/lesdocsdenoirmoutier.fr\/index.php?rest_route=\/wp\/v2\/pages\/6447\/revisions"}],"predecessor-version":[{"id":6533,"href":"https:\/\/lesdocsdenoirmoutier.fr\/index.php?rest_route=\/wp\/v2\/pages\/6447\/revisions\/6533"}],"up":[{"embeddable":true,"href":"https:\/\/lesdocsdenoirmoutier.fr\/index.php?rest_route=\/wp\/v2\/pages\/5962"}],"wp:attachment":[{"href":"https:\/\/lesdocsdenoirmoutier.fr\/index.php?rest_route=%2Fwp%2Fv2%2Fmedia&parent=6447"}],"curies":[{"name":"wp","href":"https:\/\/api.w.org\/{rel}","templated":true}]}}